{"id":799,"date":"2019-06-26T09:37:33","date_gmt":"2019-06-26T09:37:33","guid":{"rendered":"https:\/\/www.hotelparnu.com\/sviit\/"},"modified":"2026-03-05T16:32:06","modified_gmt":"2026-03-05T13:32:06","slug":"suite","status":"publish","type":"page","link":"https:\/\/www.hotelparnu.com\/en\/suite\/","title":{"rendered":"Suite"},"content":{"rendered":"","protected":false},"excerpt":{"rendered":"","protected":false},"author":2,"featured_media":0,"parent":0,"menu_order":0,"comment_status":"closed","ping_status":"closed","template":"","meta":{"_acf_changed":false,"_uag_custom_page_level_css":"","footnotes":""},"class_list":["post-799","page","type-page","status-publish","hentry"],"acf":[],"yoast_head":"<!-- This site is optimized with the Yoast SEO plugin v25.9 - https:\/\/yoast.com\/wordpress\/plugins\/seo\/ -->\n<title>Suite - P\u00e4rnu Hotell<\/title>\n<meta name=\"description\" content=\"Luxury two-room suites are located on the top floors of P\u00e4rnu Hotel, offering guests an unforgettable view of the heart of P\u00e4rnu.\" \/>\n<meta name=\"robots\" content=\"index, follow, max-snippet:-1, max-image-preview:large, max-video-preview:-1\" \/>\n<link rel=\"canonical\" href=\"https:\/\/www.hotelparnu.com\/en\/suite\/\" \/>\n<meta property=\"og:locale\" content=\"en_US\" \/>\n<meta property=\"og:type\" content=\"article\" \/>\n<meta property=\"og:title\" content=\"Suite. Suite. Luxury room with city view\" \/>\n<meta property=\"og:description\" content=\"Luxury two-room suites are located on the top floors of P\u00e4rnu Hotel, offering guests an unforgettable view of the heart of P\u00e4rnu. A comfortable stay in P\u00e4rnu is guaranteed.\" \/>\n<meta property=\"og:url\" content=\"https:\/\/www.hotelparnu.com\/en\/suite\/\" \/>\n<meta property=\"og:site_name\" content=\"P\u00e4rnu Hotell\" \/>\n<meta property=\"article:modified_time\" content=\"2026-03-05T13:32:06+00:00\" \/>\n<meta property=\"og:image\" content=\"https:\/\/www.hotelparnu.com\/wp-content\/uploads\/2025\/01\/Sviit_koduleht-1920-x-1080-\u043f\u0438\u043a\u0441.-\u043a\u043e\u043f\u0438\u044f-4.jpg\" \/>\n\t<meta property=\"og:image:width\" content=\"1920\" \/>\n\t<meta property=\"og:image:height\" content=\"1080\" \/>\n\t<meta property=\"og:image:type\" content=\"image\/jpeg\" \/>\n<meta name=\"twitter:card\" content=\"summary_large_image\" \/>\n<meta name=\"twitter:label1\" content=\"Est. reading time\" \/>\n\t<meta name=\"twitter:data1\" content=\"3 minutes\" \/>\n<script type=\"application\/ld+json\" class=\"yoast-schema-graph\">{\"@context\":\"https:\/\/schema.org\",\"@graph\":[{\"@type\":\"WebPage\",\"@id\":\"https:\/\/www.hotelparnu.com\/en\/suite\/\",\"url\":\"https:\/\/www.hotelparnu.com\/en\/suite\/\",\"name\":\"Suite - P\u00e4rnu Hotell\",\"isPartOf\":{\"@id\":\"https:\/\/www.hotelparnu.com\/#website\"},\"datePublished\":\"2019-06-26T09:37:33+00:00\",\"dateModified\":\"2026-03-05T13:32:06+00:00\",\"description\":\"Luxury two-room suites are located on the top floors of P\u00e4rnu Hotel, offering guests an unforgettable view of the heart of P\u00e4rnu.\",\"breadcrumb\":{\"@id\":\"https:\/\/www.hotelparnu.com\/en\/suite\/#breadcrumb\"},\"inLanguage\":\"en-US\",\"potentialAction\":[{\"@type\":\"ReadAction\",\"target\":[\"https:\/\/www.hotelparnu.com\/en\/suite\/\"]}]},{\"@type\":\"BreadcrumbList\",\"@id\":\"https:\/\/www.hotelparnu.com\/en\/suite\/#breadcrumb\",\"itemListElement\":[{\"@type\":\"ListItem\",\"position\":1,\"name\":\"Home\",\"item\":\"https:\/\/www.hotelparnu.com\/en\/\"},{\"@type\":\"ListItem\",\"position\":2,\"name\":\"Suite\"}]},{\"@type\":\"WebSite\",\"@id\":\"https:\/\/www.hotelparnu.com\/#website\",\"url\":\"https:\/\/www.hotelparnu.com\/\",\"name\":\"P\u00e4rnu Hotell\",\"description\":\"\",\"potentialAction\":[{\"@type\":\"SearchAction\",\"target\":{\"@type\":\"EntryPoint\",\"urlTemplate\":\"https:\/\/www.hotelparnu.com\/?s={search_term_string}\"},\"query-input\":{\"@type\":\"PropertyValueSpecification\",\"valueRequired\":true,\"valueName\":\"search_term_string\"}}],\"inLanguage\":\"en-US\"}]}<\/script>\n<!-- \/ Yoast SEO plugin. -->","yoast_head_json":{"title":"Suite - P\u00e4rnu Hotell","description":"Luxury two-room suites are located on the top floors of P\u00e4rnu Hotel, offering guests an unforgettable view of the heart of P\u00e4rnu.","robots":{"index":"index","follow":"follow","max-snippet":"max-snippet:-1","max-image-preview":"max-image-preview:large","max-video-preview":"max-video-preview:-1"},"canonical":"https:\/\/www.hotelparnu.com\/en\/suite\/","og_locale":"en_US","og_type":"article","og_title":"Suite. Suite. Luxury room with city view","og_description":"Luxury two-room suites are located on the top floors of P\u00e4rnu Hotel, offering guests an unforgettable view of the heart of P\u00e4rnu. A comfortable stay in P\u00e4rnu is guaranteed.","og_url":"https:\/\/www.hotelparnu.com\/en\/suite\/","og_site_name":"P\u00e4rnu Hotell","article_modified_time":"2026-03-05T13:32:06+00:00","og_image":[{"width":1920,"height":1080,"url":"https:\/\/www.hotelparnu.com\/wp-content\/uploads\/2025\/01\/Sviit_koduleht-1920-x-1080-\u043f\u0438\u043a\u0441.-\u043a\u043e\u043f\u0438\u044f-4.jpg","type":"image\/jpeg"}],"twitter_card":"summary_large_image","twitter_misc":{"Est. reading time":"3 minutes"},"schema":{"@context":"https:\/\/schema.org","@graph":[{"@type":"WebPage","@id":"https:\/\/www.hotelparnu.com\/en\/suite\/","url":"https:\/\/www.hotelparnu.com\/en\/suite\/","name":"Suite - P\u00e4rnu Hotell","isPartOf":{"@id":"https:\/\/www.hotelparnu.com\/#website"},"datePublished":"2019-06-26T09:37:33+00:00","dateModified":"2026-03-05T13:32:06+00:00","description":"Luxury two-room suites are located on the top floors of P\u00e4rnu Hotel, offering guests an unforgettable view of the heart of P\u00e4rnu.","breadcrumb":{"@id":"https:\/\/www.hotelparnu.com\/en\/suite\/#breadcrumb"},"inLanguage":"en-US","potentialAction":[{"@type":"ReadAction","target":["https:\/\/www.hotelparnu.com\/en\/suite\/"]}]},{"@type":"BreadcrumbList","@id":"https:\/\/www.hotelparnu.com\/en\/suite\/#breadcrumb","itemListElement":[{"@type":"ListItem","position":1,"name":"Home","item":"https:\/\/www.hotelparnu.com\/en\/"},{"@type":"ListItem","position":2,"name":"Suite"}]},{"@type":"WebSite","@id":"https:\/\/www.hotelparnu.com\/#website","url":"https:\/\/www.hotelparnu.com\/","name":"P\u00e4rnu Hotell","description":"","potentialAction":[{"@type":"SearchAction","target":{"@type":"EntryPoint","urlTemplate":"https:\/\/www.hotelparnu.com\/?s={search_term_string}"},"query-input":{"@type":"PropertyValueSpecification","valueRequired":true,"valueName":"search_term_string"}}],"inLanguage":"en-US"}]}},"uagb_featured_image_src":{"full":false,"thumbnail":false,"medium":false,"medium_large":false,"large":false,"1536x1536":false,"2048x2048":false,"gform-image-choice-sm":false,"gform-image-choice-md":false,"gform-image-choice-lg":false,"hero-1900":false,"hero-1400":false,"hero-400":false,"subpage-image":false,"subpage-image-1400":false,"subpage-image-900":false,"gallery-image":false,"gallery-portrait":false,"popup-image":false},"uagb_author_info":{"display_name":"Aleksandra","author_link":"https:\/\/www.hotelparnu.com\/en\/author\/aleksandra\/"},"uagb_comment_info":0,"uagb_excerpt":null,"_links":{"self":[{"href":"https:\/\/www.hotelparnu.com\/en\/wp-json\/wp\/v2\/pages\/799","targetHints":{"allow":["GET"]}}],"collection":[{"href":"https:\/\/www.hotelparnu.com\/en\/wp-json\/wp\/v2\/pages"}],"about":[{"href":"https:\/\/www.hotelparnu.com\/en\/wp-json\/wp\/v2\/types\/page"}],"author":[{"embeddable":true,"href":"https:\/\/www.hotelparnu.com\/en\/wp-json\/wp\/v2\/users\/2"}],"replies":[{"embeddable":true,"href":"https:\/\/www.hotelparnu.com\/en\/wp-json\/wp\/v2\/comments?post=799"}],"version-history":[{"count":21,"href":"https:\/\/www.hotelparnu.com\/en\/wp-json\/wp\/v2\/pages\/799\/revisions"}],"predecessor-version":[{"id":9929,"href":"https:\/\/www.hotelparnu.com\/en\/wp-json\/wp\/v2\/pages\/799\/revisions\/9929"}],"wp:attachment":[{"href":"https:\/\/www.hotelparnu.com\/en\/wp-json\/wp\/v2\/media?parent=799"}],"curies":[{"name":"wp","href":"https:\/\/api.w.org\/{rel}","templated":true}]}}