{"id":809,"date":"2019-06-27T12:06:47","date_gmt":"2019-06-27T12:06:47","guid":{"rendered":"https:\/\/www.hotelparnu.com\/seminarid-parnus\/"},"modified":"2025-07-17T09:18:56","modified_gmt":"2025-07-17T06:18:56","slug":"seminars","status":"publish","type":"page","link":"https:\/\/www.hotelparnu.com\/en\/seminars\/","title":{"rendered":"Conference &#038; Seminar Rooms in the Heart of P\u00e4rnu \u2013 P\u00e4rnu Hotel"},"content":{"rendered":"","protected":false},"excerpt":{"rendered":"","protected":false},"author":2,"featured_media":0,"parent":0,"menu_order":0,"comment_status":"closed","ping_status":"closed","template":"","meta":{"_acf_changed":false,"_uag_custom_page_level_css":"","footnotes":""},"class_list":["post-809","page","type-page","status-publish","hentry"],"acf":[],"yoast_head":"<!-- This site is optimized with the Yoast SEO plugin v25.9 - https:\/\/yoast.com\/wordpress\/plugins\/seo\/ -->\n<title>Conference &amp; Seminar Rooms in the Heart of P\u00e4rnu \u2013 P\u00e4rnu Hotel<\/title>\n<meta name=\"description\" content=\"Host your seminar or conference in central P\u00e4rnu. P\u00e4rnu Hotel offers modern rooms, high-quality equipment, and professional service for every event\" \/>\n<meta name=\"robots\" content=\"index, follow, max-snippet:-1, max-image-preview:large, max-video-preview:-1\" \/>\n<link rel=\"canonical\" href=\"https:\/\/www.hotelparnu.com\/en\/seminars\/\" \/>\n<meta property=\"og:locale\" content=\"en_US\" \/>\n<meta property=\"og:type\" content=\"article\" \/>\n<meta property=\"og:title\" content=\"Modern Seminar &amp; Meeting Rooms \u2013 Hotel P\u00e4rnu\" \/>\n<meta property=\"og:description\" content=\"Host your next seminar or meeting in the center of P\u00e4rnu. Fully equipped rooms, flexible layouts, and professional service await.\" \/>\n<meta property=\"og:url\" content=\"https:\/\/www.hotelparnu.com\/en\/seminars\/\" \/>\n<meta property=\"og:site_name\" content=\"P\u00e4rnu Hotell\" \/>\n<meta property=\"article:modified_time\" content=\"2025-07-17T06:18:56+00:00\" \/>\n<meta property=\"og:image\" content=\"https:\/\/www.hotelparnu.com\/wp-content\/uploads\/2023\/09\/KODULEHT-3.jpg\" \/>\n\t<meta property=\"og:image:width\" content=\"1346\" \/>\n\t<meta property=\"og:image:height\" content=\"512\" \/>\n\t<meta property=\"og:image:type\" content=\"image\/jpeg\" \/>\n<meta name=\"twitter:card\" content=\"summary_large_image\" \/>\n<meta name=\"twitter:label1\" content=\"Est. reading time\" \/>\n\t<meta name=\"twitter:data1\" content=\"2 minutes\" \/>\n<script type=\"application\/ld+json\" class=\"yoast-schema-graph\">{\"@context\":\"https:\/\/schema.org\",\"@graph\":[{\"@type\":\"WebPage\",\"@id\":\"https:\/\/www.hotelparnu.com\/en\/seminars\/\",\"url\":\"https:\/\/www.hotelparnu.com\/en\/seminars\/\",\"name\":\"Conference & Seminar Rooms in the Heart of P\u00e4rnu \u2013 P\u00e4rnu Hotel\",\"isPartOf\":{\"@id\":\"https:\/\/www.hotelparnu.com\/#website\"},\"datePublished\":\"2019-06-27T12:06:47+00:00\",\"dateModified\":\"2025-07-17T06:18:56+00:00\",\"description\":\"Host your seminar or conference in central P\u00e4rnu. P\u00e4rnu Hotel offers modern rooms, high-quality equipment, and professional service for every event\",\"breadcrumb\":{\"@id\":\"https:\/\/www.hotelparnu.com\/en\/seminars\/#breadcrumb\"},\"inLanguage\":\"en-US\",\"potentialAction\":[{\"@type\":\"ReadAction\",\"target\":[\"https:\/\/www.hotelparnu.com\/en\/seminars\/\"]}]},{\"@type\":\"BreadcrumbList\",\"@id\":\"https:\/\/www.hotelparnu.com\/en\/seminars\/#breadcrumb\",\"itemListElement\":[{\"@type\":\"ListItem\",\"position\":1,\"name\":\"Home\",\"item\":\"https:\/\/www.hotelparnu.com\/en\/\"},{\"@type\":\"ListItem\",\"position\":2,\"name\":\"Conference &#038; Seminar Rooms in the Heart of P\u00e4rnu \u2013 P\u00e4rnu Hotel\"}]},{\"@type\":\"WebSite\",\"@id\":\"https:\/\/www.hotelparnu.com\/#website\",\"url\":\"https:\/\/www.hotelparnu.com\/\",\"name\":\"P\u00e4rnu Hotell\",\"description\":\"\",\"potentialAction\":[{\"@type\":\"SearchAction\",\"target\":{\"@type\":\"EntryPoint\",\"urlTemplate\":\"https:\/\/www.hotelparnu.com\/?s={search_term_string}\"},\"query-input\":{\"@type\":\"PropertyValueSpecification\",\"valueRequired\":true,\"valueName\":\"search_term_string\"}}],\"inLanguage\":\"en-US\"}]}<\/script>\n<!-- \/ Yoast SEO plugin. -->","yoast_head_json":{"title":"Conference & Seminar Rooms in the Heart of P\u00e4rnu \u2013 P\u00e4rnu Hotel","description":"Host your seminar or conference in central P\u00e4rnu. P\u00e4rnu Hotel offers modern rooms, high-quality equipment, and professional service for every event","robots":{"index":"index","follow":"follow","max-snippet":"max-snippet:-1","max-image-preview":"max-image-preview:large","max-video-preview":"max-video-preview:-1"},"canonical":"https:\/\/www.hotelparnu.com\/en\/seminars\/","og_locale":"en_US","og_type":"article","og_title":"Modern Seminar & Meeting Rooms \u2013 Hotel P\u00e4rnu","og_description":"Host your next seminar or meeting in the center of P\u00e4rnu. Fully equipped rooms, flexible layouts, and professional service await.","og_url":"https:\/\/www.hotelparnu.com\/en\/seminars\/","og_site_name":"P\u00e4rnu Hotell","article_modified_time":"2025-07-17T06:18:56+00:00","og_image":[{"width":1346,"height":512,"url":"https:\/\/www.hotelparnu.com\/wp-content\/uploads\/2023\/09\/KODULEHT-3.jpg","type":"image\/jpeg"}],"twitter_card":"summary_large_image","twitter_misc":{"Est. reading time":"2 minutes"},"schema":{"@context":"https:\/\/schema.org","@graph":[{"@type":"WebPage","@id":"https:\/\/www.hotelparnu.com\/en\/seminars\/","url":"https:\/\/www.hotelparnu.com\/en\/seminars\/","name":"Conference & Seminar Rooms in the Heart of P\u00e4rnu \u2013 P\u00e4rnu Hotel","isPartOf":{"@id":"https:\/\/www.hotelparnu.com\/#website"},"datePublished":"2019-06-27T12:06:47+00:00","dateModified":"2025-07-17T06:18:56+00:00","description":"Host your seminar or conference in central P\u00e4rnu. P\u00e4rnu Hotel offers modern rooms, high-quality equipment, and professional service for every event","breadcrumb":{"@id":"https:\/\/www.hotelparnu.com\/en\/seminars\/#breadcrumb"},"inLanguage":"en-US","potentialAction":[{"@type":"ReadAction","target":["https:\/\/www.hotelparnu.com\/en\/seminars\/"]}]},{"@type":"BreadcrumbList","@id":"https:\/\/www.hotelparnu.com\/en\/seminars\/#breadcrumb","itemListElement":[{"@type":"ListItem","position":1,"name":"Home","item":"https:\/\/www.hotelparnu.com\/en\/"},{"@type":"ListItem","position":2,"name":"Conference &#038; Seminar Rooms in the Heart of P\u00e4rnu \u2013 P\u00e4rnu Hotel"}]},{"@type":"WebSite","@id":"https:\/\/www.hotelparnu.com\/#website","url":"https:\/\/www.hotelparnu.com\/","name":"P\u00e4rnu Hotell","description":"","potentialAction":[{"@type":"SearchAction","target":{"@type":"EntryPoint","urlTemplate":"https:\/\/www.hotelparnu.com\/?s={search_term_string}"},"query-input":{"@type":"PropertyValueSpecification","valueRequired":true,"valueName":"search_term_string"}}],"inLanguage":"en-US"}]}},"uagb_featured_image_src":{"full":false,"thumbnail":false,"medium":false,"medium_large":false,"large":false,"1536x1536":false,"2048x2048":false,"gform-image-choice-sm":false,"gform-image-choice-md":false,"gform-image-choice-lg":false,"hero-1900":false,"hero-1400":false,"hero-400":false,"subpage-image":false,"subpage-image-1400":false,"subpage-image-900":false,"gallery-image":false,"gallery-portrait":false,"popup-image":false},"uagb_author_info":{"display_name":"Aleksandra","author_link":"https:\/\/www.hotelparnu.com\/en\/author\/aleksandra\/"},"uagb_comment_info":0,"uagb_excerpt":null,"_links":{"self":[{"href":"https:\/\/www.hotelparnu.com\/en\/wp-json\/wp\/v2\/pages\/809","targetHints":{"allow":["GET"]}}],"collection":[{"href":"https:\/\/www.hotelparnu.com\/en\/wp-json\/wp\/v2\/pages"}],"about":[{"href":"https:\/\/www.hotelparnu.com\/en\/wp-json\/wp\/v2\/types\/page"}],"author":[{"embeddable":true,"href":"https:\/\/www.hotelparnu.com\/en\/wp-json\/wp\/v2\/users\/2"}],"replies":[{"embeddable":true,"href":"https:\/\/www.hotelparnu.com\/en\/wp-json\/wp\/v2\/comments?post=809"}],"version-history":[{"count":39,"href":"https:\/\/www.hotelparnu.com\/en\/wp-json\/wp\/v2\/pages\/809\/revisions"}],"predecessor-version":[{"id":9234,"href":"https:\/\/www.hotelparnu.com\/en\/wp-json\/wp\/v2\/pages\/809\/revisions\/9234"}],"wp:attachment":[{"href":"https:\/\/www.hotelparnu.com\/en\/wp-json\/wp\/v2\/media?parent=809"}],"curies":[{"name":"wp","href":"https:\/\/api.w.org\/{rel}","templated":true}]}}