{"id":1092,"date":"2019-06-25T11:07:02","date_gmt":"2019-06-25T08:07:02","guid":{"rendered":"https:\/\/www.hotelparnu.com\/avaleht\/"},"modified":"2026-03-18T11:02:26","modified_gmt":"2026-03-18T08:02:26","slug":"parnun-keskustan-hotelli-aamiainen-ja-pysakointi","status":"publish","type":"page","link":"https:\/\/www.hotelparnu.com\/fi\/","title":{"rendered":"Hotel P\u00e4rnu \u2013 Keskusta | Aamiainen ja Ilmainen Pys\u00e4k\u00f6inti"},"content":{"rendered":"","protected":false},"excerpt":{"rendered":"","protected":false},"author":1,"featured_media":0,"parent":0,"menu_order":0,"comment_status":"closed","ping_status":"closed","template":"index.php","meta":{"_acf_changed":false,"_uag_custom_page_level_css":"","footnotes":""},"class_list":["post-1092","page","type-page","status-publish","hentry"],"acf":[],"yoast_head":"<!-- This site is optimized with the Yoast SEO plugin v25.9 - https:\/\/yoast.com\/wordpress\/plugins\/seo\/ -->\n<title>P\u00e4rnu Hotelli - P\u00e4rnun keskustan hotelli aamiaisella ja pys\u00e4k\u00f6innill\u00e4<\/title>\n<meta name=\"description\" content=\"P\u00e4rnun keskustan hotelli aamiainen ja pys\u00e4k\u00f6inti. Mukavat huoneet, buffet-aamiainen ja ilmainen pys\u00e4k\u00f6inti l\u00e4hell\u00e4 rantaa ja n\u00e4ht\u00e4vyyksi\u00e4.\" \/>\n<meta name=\"robots\" content=\"index, follow, max-snippet:-1, max-image-preview:large, max-video-preview:-1\" \/>\n<link rel=\"canonical\" href=\"https:\/\/www.hotelparnu.com\/fi\/\" \/>\n<meta property=\"og:locale\" content=\"fi_FI\" \/>\n<meta property=\"og:type\" content=\"article\" \/>\n<meta property=\"og:title\" content=\"P\u00e4rnu Hotelli \u2013 Mukava hotelli P\u00e4rnun keskustassa\" \/>\n<meta property=\"og:description\" content=\"Viet\u00e4 y\u00f6 P\u00e4rnun syd\u00e4mess\u00e4. Nauti mukavista huoneista, herkullisesta aamiaisesta ja ilmaisesta pys\u00e4k\u00f6innist\u00e4 \u2013 t\u00e4ydellinen valinta lomalle tai ty\u00f6matkalle.\" \/>\n<meta property=\"og:url\" content=\"https:\/\/www.hotelparnu.com\/fi\/\" \/>\n<meta property=\"og:site_name\" content=\"P\u00e4rnu Hotell\" \/>\n<meta property=\"article:modified_time\" content=\"2026-03-18T08:02:26+00:00\" \/>\n<meta property=\"og:image\" content=\"https:\/\/www.hotelparnu.com\/wp-content\/uploads\/2025\/08\/Foto_085_optimized.jpg\" \/>\n\t<meta property=\"og:image:width\" content=\"1920\" \/>\n\t<meta property=\"og:image:height\" content=\"1080\" \/>\n\t<meta property=\"og:image:type\" content=\"image\/jpeg\" \/>\n<meta name=\"twitter:card\" content=\"summary_large_image\" \/>\n<meta name=\"twitter:label1\" content=\"Arvioitu lukuaika\" \/>\n\t<meta name=\"twitter:data1\" content=\"2 minuuttia\" \/>\n<script type=\"application\/ld+json\" class=\"yoast-schema-graph\">{\"@context\":\"https:\/\/schema.org\",\"@graph\":[{\"@type\":\"WebPage\",\"@id\":\"https:\/\/www.hotelparnu.com\/fi\/\",\"url\":\"https:\/\/www.hotelparnu.com\/fi\/\",\"name\":\"P\u00e4rnu Hotelli - P\u00e4rnun keskustan hotelli aamiaisella ja pys\u00e4k\u00f6innill\u00e4\",\"isPartOf\":{\"@id\":\"https:\/\/www.hotelparnu.com\/#website\"},\"datePublished\":\"2019-06-25T08:07:02+00:00\",\"dateModified\":\"2026-03-18T08:02:26+00:00\",\"description\":\"P\u00e4rnun keskustan hotelli aamiainen ja pys\u00e4k\u00f6inti. Mukavat huoneet, buffet-aamiainen ja ilmainen pys\u00e4k\u00f6inti l\u00e4hell\u00e4 rantaa ja n\u00e4ht\u00e4vyyksi\u00e4.\",\"breadcrumb\":{\"@id\":\"https:\/\/www.hotelparnu.com\/fi\/#breadcrumb\"},\"inLanguage\":\"fi\",\"potentialAction\":[{\"@type\":\"ReadAction\",\"target\":[\"https:\/\/www.hotelparnu.com\/fi\/\"]}]},{\"@type\":\"BreadcrumbList\",\"@id\":\"https:\/\/www.hotelparnu.com\/fi\/#breadcrumb\",\"itemListElement\":[{\"@type\":\"ListItem\",\"position\":1,\"name\":\"Home\",\"item\":\"https:\/\/www.hotelparnu.com\/fi\/\"},{\"@type\":\"ListItem\",\"position\":2,\"name\":\"Hotel P\u00e4rnu \u2013 Keskusta | Aamiainen ja Ilmainen Pys\u00e4k\u00f6inti\"}]},{\"@type\":\"WebSite\",\"@id\":\"https:\/\/www.hotelparnu.com\/#website\",\"url\":\"https:\/\/www.hotelparnu.com\/\",\"name\":\"P\u00e4rnu Hotell\",\"description\":\"\",\"potentialAction\":[{\"@type\":\"SearchAction\",\"target\":{\"@type\":\"EntryPoint\",\"urlTemplate\":\"https:\/\/www.hotelparnu.com\/?s={search_term_string}\"},\"query-input\":{\"@type\":\"PropertyValueSpecification\",\"valueRequired\":true,\"valueName\":\"search_term_string\"}}],\"inLanguage\":\"fi\"}]}<\/script>\n<!-- \/ Yoast SEO plugin. -->","yoast_head_json":{"title":"P\u00e4rnu Hotelli - P\u00e4rnun keskustan hotelli aamiaisella ja pys\u00e4k\u00f6innill\u00e4","description":"P\u00e4rnun keskustan hotelli aamiainen ja pys\u00e4k\u00f6inti. Mukavat huoneet, buffet-aamiainen ja ilmainen pys\u00e4k\u00f6inti l\u00e4hell\u00e4 rantaa ja n\u00e4ht\u00e4vyyksi\u00e4.","robots":{"index":"index","follow":"follow","max-snippet":"max-snippet:-1","max-image-preview":"max-image-preview:large","max-video-preview":"max-video-preview:-1"},"canonical":"https:\/\/www.hotelparnu.com\/fi\/","og_locale":"fi_FI","og_type":"article","og_title":"P\u00e4rnu Hotelli \u2013 Mukava hotelli P\u00e4rnun keskustassa","og_description":"Viet\u00e4 y\u00f6 P\u00e4rnun syd\u00e4mess\u00e4. Nauti mukavista huoneista, herkullisesta aamiaisesta ja ilmaisesta pys\u00e4k\u00f6innist\u00e4 \u2013 t\u00e4ydellinen valinta lomalle tai ty\u00f6matkalle.","og_url":"https:\/\/www.hotelparnu.com\/fi\/","og_site_name":"P\u00e4rnu Hotell","article_modified_time":"2026-03-18T08:02:26+00:00","og_image":[{"width":1920,"height":1080,"url":"https:\/\/www.hotelparnu.com\/wp-content\/uploads\/2025\/08\/Foto_085_optimized.jpg","type":"image\/jpeg"}],"twitter_card":"summary_large_image","twitter_misc":{"Arvioitu lukuaika":"2 minuuttia"},"schema":{"@context":"https:\/\/schema.org","@graph":[{"@type":"WebPage","@id":"https:\/\/www.hotelparnu.com\/fi\/","url":"https:\/\/www.hotelparnu.com\/fi\/","name":"P\u00e4rnu Hotelli - P\u00e4rnun keskustan hotelli aamiaisella ja pys\u00e4k\u00f6innill\u00e4","isPartOf":{"@id":"https:\/\/www.hotelparnu.com\/#website"},"datePublished":"2019-06-25T08:07:02+00:00","dateModified":"2026-03-18T08:02:26+00:00","description":"P\u00e4rnun keskustan hotelli aamiainen ja pys\u00e4k\u00f6inti. Mukavat huoneet, buffet-aamiainen ja ilmainen pys\u00e4k\u00f6inti l\u00e4hell\u00e4 rantaa ja n\u00e4ht\u00e4vyyksi\u00e4.","breadcrumb":{"@id":"https:\/\/www.hotelparnu.com\/fi\/#breadcrumb"},"inLanguage":"fi","potentialAction":[{"@type":"ReadAction","target":["https:\/\/www.hotelparnu.com\/fi\/"]}]},{"@type":"BreadcrumbList","@id":"https:\/\/www.hotelparnu.com\/fi\/#breadcrumb","itemListElement":[{"@type":"ListItem","position":1,"name":"Home","item":"https:\/\/www.hotelparnu.com\/fi\/"},{"@type":"ListItem","position":2,"name":"Hotel P\u00e4rnu \u2013 Keskusta | Aamiainen ja Ilmainen Pys\u00e4k\u00f6inti"}]},{"@type":"WebSite","@id":"https:\/\/www.hotelparnu.com\/#website","url":"https:\/\/www.hotelparnu.com\/","name":"P\u00e4rnu Hotell","description":"","potentialAction":[{"@type":"SearchAction","target":{"@type":"EntryPoint","urlTemplate":"https:\/\/www.hotelparnu.com\/?s={search_term_string}"},"query-input":{"@type":"PropertyValueSpecification","valueRequired":true,"valueName":"search_term_string"}}],"inLanguage":"fi"}]}},"uagb_featured_image_src":{"full":false,"thumbnail":false,"medium":false,"medium_large":false,"large":false,"1536x1536":false,"2048x2048":false,"gform-image-choice-sm":false,"gform-image-choice-md":false,"gform-image-choice-lg":false,"hero-1900":false,"hero-1400":false,"hero-400":false,"subpage-image":false,"subpage-image-1400":false,"subpage-image-900":false,"gallery-image":false,"gallery-portrait":false,"popup-image":false},"uagb_author_info":{"display_name":"dvaansiseelr","author_link":"https:\/\/www.hotelparnu.com\/fi\/author\/dvaansiseelr\/"},"uagb_comment_info":0,"uagb_excerpt":null,"_links":{"self":[{"href":"https:\/\/www.hotelparnu.com\/fi\/wp-json\/wp\/v2\/pages\/1092","targetHints":{"allow":["GET"]}}],"collection":[{"href":"https:\/\/www.hotelparnu.com\/fi\/wp-json\/wp\/v2\/pages"}],"about":[{"href":"https:\/\/www.hotelparnu.com\/fi\/wp-json\/wp\/v2\/types\/page"}],"author":[{"embeddable":true,"href":"https:\/\/www.hotelparnu.com\/fi\/wp-json\/wp\/v2\/users\/1"}],"replies":[{"embeddable":true,"href":"https:\/\/www.hotelparnu.com\/fi\/wp-json\/wp\/v2\/comments?post=1092"}],"version-history":[{"count":94,"href":"https:\/\/www.hotelparnu.com\/fi\/wp-json\/wp\/v2\/pages\/1092\/revisions"}],"predecessor-version":[{"id":9935,"href":"https:\/\/www.hotelparnu.com\/fi\/wp-json\/wp\/v2\/pages\/1092\/revisions\/9935"}],"wp:attachment":[{"href":"https:\/\/www.hotelparnu.com\/fi\/wp-json\/wp\/v2\/media?parent=1092"}],"curies":[{"name":"wp","href":"https:\/\/api.w.org\/{rel}","templated":true}]}}