{"id":1155,"date":"2019-06-28T13:02:06","date_gmt":"2019-06-28T10:02:06","guid":{"rendered":"https:\/\/www.hotelparnu.com\/parnu\/"},"modified":"2025-02-05T12:20:21","modified_gmt":"2025-02-05T09:20:21","slug":"parnu","status":"publish","type":"page","link":"https:\/\/www.hotelparnu.com\/fi\/parnu\/","title":{"rendered":"Tutustu P\u00e4rnuun"},"content":{"rendered":"","protected":false},"excerpt":{"rendered":"","protected":false},"author":2,"featured_media":0,"parent":0,"menu_order":0,"comment_status":"closed","ping_status":"closed","template":"","meta":{"_acf_changed":false,"_uag_custom_page_level_css":"","footnotes":""},"class_list":["post-1155","page","type-page","status-publish","hentry"],"acf":[],"yoast_head":"<!-- This site is optimized with the Yoast SEO plugin v25.9 - https:\/\/yoast.com\/wordpress\/plugins\/seo\/ -->\n<title>Tutustu P\u00e4rnuun - P\u00e4rnu Hotell<\/title>\n<meta name=\"description\" content=\"P\u00e4rnu ei ole vain kes\u00e4p\u00e4\u00e4kaupunki. T\u00e4\u00e4ll\u00e4 on runsaasti toimintaa niin nuorille kuin vanhoillekin ymp\u00e4ri vuoden.\" \/>\n<meta name=\"robots\" content=\"index, follow, max-snippet:-1, max-image-preview:large, max-video-preview:-1\" \/>\n<link rel=\"canonical\" href=\"https:\/\/www.hotelparnu.com\/fi\/parnu\/\" \/>\n<meta property=\"og:locale\" content=\"fi_FI\" \/>\n<meta property=\"og:type\" content=\"article\" \/>\n<meta property=\"og:title\" content=\"P\u00e4rnu Hotell I Tutustu P\u00e4rnuun\" \/>\n<meta property=\"og:description\" content=\"P\u00e4rnu hansakaupunkina, kylpyl\u00e4kaupunkina ja Viron tasavallan synnyinpaikkana on ikimuistoinen vierailukohde monine n\u00e4ht\u00e4vyyksineen, museoineen, kahviloineen ja rantapromenadineen P\u00e4rnu ei ole vain kes\u00e4p\u00e4\u00e4kaupunki. T\u00e4\u00e4ll\u00e4 on runsaasti toimintaa niin nuorille kuin vanhoillekin ymp\u00e4ri vuoden.\" \/>\n<meta property=\"og:url\" content=\"https:\/\/www.hotelparnu.com\/fi\/parnu\/\" \/>\n<meta property=\"og:site_name\" content=\"P\u00e4rnu Hotell\" \/>\n<meta property=\"article:modified_time\" content=\"2025-02-05T09:20:21+00:00\" \/>\n<meta property=\"og:image\" content=\"https:\/\/www.hotelparnu.com\/wp-content\/uploads\/2025\/01\/Hotell_koduleht-1.jpg\" \/>\n\t<meta property=\"og:image:width\" content=\"1920\" \/>\n\t<meta property=\"og:image:height\" content=\"1080\" \/>\n\t<meta property=\"og:image:type\" content=\"image\/jpeg\" \/>\n<meta name=\"twitter:card\" content=\"summary_large_image\" \/>\n<meta name=\"twitter:label1\" content=\"Arvioitu lukuaika\" \/>\n\t<meta name=\"twitter:data1\" content=\"2 minuuttia\" \/>\n<script type=\"application\/ld+json\" class=\"yoast-schema-graph\">{\"@context\":\"https:\/\/schema.org\",\"@graph\":[{\"@type\":\"WebPage\",\"@id\":\"https:\/\/www.hotelparnu.com\/fi\/parnu\/\",\"url\":\"https:\/\/www.hotelparnu.com\/fi\/parnu\/\",\"name\":\"Tutustu P\u00e4rnuun - P\u00e4rnu Hotell\",\"isPartOf\":{\"@id\":\"https:\/\/www.hotelparnu.com\/#website\"},\"datePublished\":\"2019-06-28T10:02:06+00:00\",\"dateModified\":\"2025-02-05T09:20:21+00:00\",\"description\":\"P\u00e4rnu ei ole vain kes\u00e4p\u00e4\u00e4kaupunki. T\u00e4\u00e4ll\u00e4 on runsaasti toimintaa niin nuorille kuin vanhoillekin ymp\u00e4ri vuoden.\",\"breadcrumb\":{\"@id\":\"https:\/\/www.hotelparnu.com\/fi\/parnu\/#breadcrumb\"},\"inLanguage\":\"fi\",\"potentialAction\":[{\"@type\":\"ReadAction\",\"target\":[\"https:\/\/www.hotelparnu.com\/fi\/parnu\/\"]}]},{\"@type\":\"BreadcrumbList\",\"@id\":\"https:\/\/www.hotelparnu.com\/fi\/parnu\/#breadcrumb\",\"itemListElement\":[{\"@type\":\"ListItem\",\"position\":1,\"name\":\"Home\",\"item\":\"https:\/\/www.hotelparnu.com\/fi\/\"},{\"@type\":\"ListItem\",\"position\":2,\"name\":\"Tutustu P\u00e4rnuun\"}]},{\"@type\":\"WebSite\",\"@id\":\"https:\/\/www.hotelparnu.com\/#website\",\"url\":\"https:\/\/www.hotelparnu.com\/\",\"name\":\"P\u00e4rnu Hotell\",\"description\":\"\",\"potentialAction\":[{\"@type\":\"SearchAction\",\"target\":{\"@type\":\"EntryPoint\",\"urlTemplate\":\"https:\/\/www.hotelparnu.com\/?s={search_term_string}\"},\"query-input\":{\"@type\":\"PropertyValueSpecification\",\"valueRequired\":true,\"valueName\":\"search_term_string\"}}],\"inLanguage\":\"fi\"}]}<\/script>\n<!-- \/ Yoast SEO plugin. -->","yoast_head_json":{"title":"Tutustu P\u00e4rnuun - P\u00e4rnu Hotell","description":"P\u00e4rnu ei ole vain kes\u00e4p\u00e4\u00e4kaupunki. T\u00e4\u00e4ll\u00e4 on runsaasti toimintaa niin nuorille kuin vanhoillekin ymp\u00e4ri vuoden.","robots":{"index":"index","follow":"follow","max-snippet":"max-snippet:-1","max-image-preview":"max-image-preview:large","max-video-preview":"max-video-preview:-1"},"canonical":"https:\/\/www.hotelparnu.com\/fi\/parnu\/","og_locale":"fi_FI","og_type":"article","og_title":"P\u00e4rnu Hotell I Tutustu P\u00e4rnuun","og_description":"P\u00e4rnu hansakaupunkina, kylpyl\u00e4kaupunkina ja Viron tasavallan synnyinpaikkana on ikimuistoinen vierailukohde monine n\u00e4ht\u00e4vyyksineen, museoineen, kahviloineen ja rantapromenadineen P\u00e4rnu ei ole vain kes\u00e4p\u00e4\u00e4kaupunki. T\u00e4\u00e4ll\u00e4 on runsaasti toimintaa niin nuorille kuin vanhoillekin ymp\u00e4ri vuoden.","og_url":"https:\/\/www.hotelparnu.com\/fi\/parnu\/","og_site_name":"P\u00e4rnu Hotell","article_modified_time":"2025-02-05T09:20:21+00:00","og_image":[{"width":1920,"height":1080,"url":"https:\/\/www.hotelparnu.com\/wp-content\/uploads\/2025\/01\/Hotell_koduleht-1.jpg","type":"image\/jpeg"}],"twitter_card":"summary_large_image","twitter_misc":{"Arvioitu lukuaika":"2 minuuttia"},"schema":{"@context":"https:\/\/schema.org","@graph":[{"@type":"WebPage","@id":"https:\/\/www.hotelparnu.com\/fi\/parnu\/","url":"https:\/\/www.hotelparnu.com\/fi\/parnu\/","name":"Tutustu P\u00e4rnuun - P\u00e4rnu Hotell","isPartOf":{"@id":"https:\/\/www.hotelparnu.com\/#website"},"datePublished":"2019-06-28T10:02:06+00:00","dateModified":"2025-02-05T09:20:21+00:00","description":"P\u00e4rnu ei ole vain kes\u00e4p\u00e4\u00e4kaupunki. T\u00e4\u00e4ll\u00e4 on runsaasti toimintaa niin nuorille kuin vanhoillekin ymp\u00e4ri vuoden.","breadcrumb":{"@id":"https:\/\/www.hotelparnu.com\/fi\/parnu\/#breadcrumb"},"inLanguage":"fi","potentialAction":[{"@type":"ReadAction","target":["https:\/\/www.hotelparnu.com\/fi\/parnu\/"]}]},{"@type":"BreadcrumbList","@id":"https:\/\/www.hotelparnu.com\/fi\/parnu\/#breadcrumb","itemListElement":[{"@type":"ListItem","position":1,"name":"Home","item":"https:\/\/www.hotelparnu.com\/fi\/"},{"@type":"ListItem","position":2,"name":"Tutustu P\u00e4rnuun"}]},{"@type":"WebSite","@id":"https:\/\/www.hotelparnu.com\/#website","url":"https:\/\/www.hotelparnu.com\/","name":"P\u00e4rnu Hotell","description":"","potentialAction":[{"@type":"SearchAction","target":{"@type":"EntryPoint","urlTemplate":"https:\/\/www.hotelparnu.com\/?s={search_term_string}"},"query-input":{"@type":"PropertyValueSpecification","valueRequired":true,"valueName":"search_term_string"}}],"inLanguage":"fi"}]}},"uagb_featured_image_src":{"full":false,"thumbnail":false,"medium":false,"medium_large":false,"large":false,"1536x1536":false,"2048x2048":false,"gform-image-choice-sm":false,"gform-image-choice-md":false,"gform-image-choice-lg":false,"hero-1900":false,"hero-1400":false,"hero-400":false,"subpage-image":false,"subpage-image-1400":false,"subpage-image-900":false,"gallery-image":false,"gallery-portrait":false,"popup-image":false},"uagb_author_info":{"display_name":"Aleksandra","author_link":"https:\/\/www.hotelparnu.com\/fi\/author\/aleksandra\/"},"uagb_comment_info":0,"uagb_excerpt":null,"_links":{"self":[{"href":"https:\/\/www.hotelparnu.com\/fi\/wp-json\/wp\/v2\/pages\/1155","targetHints":{"allow":["GET"]}}],"collection":[{"href":"https:\/\/www.hotelparnu.com\/fi\/wp-json\/wp\/v2\/pages"}],"about":[{"href":"https:\/\/www.hotelparnu.com\/fi\/wp-json\/wp\/v2\/types\/page"}],"author":[{"embeddable":true,"href":"https:\/\/www.hotelparnu.com\/fi\/wp-json\/wp\/v2\/users\/2"}],"replies":[{"embeddable":true,"href":"https:\/\/www.hotelparnu.com\/fi\/wp-json\/wp\/v2\/comments?post=1155"}],"version-history":[{"count":13,"href":"https:\/\/www.hotelparnu.com\/fi\/wp-json\/wp\/v2\/pages\/1155\/revisions"}],"predecessor-version":[{"id":8669,"href":"https:\/\/www.hotelparnu.com\/fi\/wp-json\/wp\/v2\/pages\/1155\/revisions\/8669"}],"wp:attachment":[{"href":"https:\/\/www.hotelparnu.com\/fi\/wp-json\/wp\/v2\/media?parent=1155"}],"curies":[{"name":"wp","href":"https:\/\/api.w.org\/{rel}","templated":true}]}}