{"id":6896,"date":"2021-05-05T12:40:10","date_gmt":"2021-05-05T09:40:10","guid":{"rendered":"https:\/\/www.hotelparnu.com\/meie-meeskond\/"},"modified":"2025-08-19T14:50:59","modified_gmt":"2025-08-19T11:50:59","slug":"tiimimme","status":"publish","type":"page","link":"https:\/\/www.hotelparnu.com\/fi\/tiimimme\/","title":{"rendered":"Tiimimme"},"content":{"rendered":"","protected":false},"excerpt":{"rendered":"","protected":false},"author":6,"featured_media":0,"parent":0,"menu_order":0,"comment_status":"closed","ping_status":"closed","template":"","meta":{"_acf_changed":false,"_uag_custom_page_level_css":"","footnotes":""},"class_list":["post-6896","page","type-page","status-publish","hentry"],"acf":[],"yoast_head":"<!-- This site is optimized with the Yoast SEO plugin v25.9 - https:\/\/yoast.com\/wordpress\/plugins\/seo\/ -->\n<title>Tiimimme - P\u00e4rnu Hotell<\/title>\n<meta name=\"description\" content=\"Ne, jotka huolehtivat siit\u00e4, ett\u00e4 huone on siisti, s\u00e4nky mukava, ruoka herkullista, sauna l\u00e4mmin ja ikkunasta avautuu n\u00e4kym\u00e4 unelmiin\" \/>\n<meta name=\"robots\" content=\"index, follow, max-snippet:-1, max-image-preview:large, max-video-preview:-1\" \/>\n<link rel=\"canonical\" href=\"https:\/\/www.hotelparnu.com\/fi\/tiimimme\/\" \/>\n<meta property=\"og:locale\" content=\"fi_FI\" \/>\n<meta property=\"og:type\" content=\"article\" \/>\n<meta property=\"og:title\" content=\"P\u00e4rnuP\u00e4rnu Hotelli I Tiimimme I Kontakt\" \/>\n<meta property=\"og:description\" content=\"Ne, jotka huolehtivat siit\u00e4, ett\u00e4 huone on siisti, s\u00e4nky mukava, ruoka herkullista, sauna l\u00e4mmin ja ikkunasta avautuu n\u00e4kym\u00e4 unelmiin\" \/>\n<meta property=\"og:url\" content=\"https:\/\/www.hotelparnu.com\/fi\/tiimimme\/\" \/>\n<meta property=\"og:site_name\" content=\"P\u00e4rnu Hotell\" \/>\n<meta property=\"article:modified_time\" content=\"2025-08-19T11:50:59+00:00\" \/>\n<meta property=\"og:image\" content=\"https:\/\/www.hotelparnu.com\/wp-content\/uploads\/2021\/05\/Simple-Plants-Photo-Background-Flower-VK-Post-2.jpg\" \/>\n\t<meta property=\"og:image:width\" content=\"1400\" \/>\n\t<meta property=\"og:image:height\" content=\"1000\" \/>\n\t<meta property=\"og:image:type\" content=\"image\/jpeg\" \/>\n<meta name=\"twitter:card\" content=\"summary_large_image\" \/>\n<meta name=\"twitter:label1\" content=\"Arvioitu lukuaika\" \/>\n\t<meta name=\"twitter:data1\" content=\"1 minuutti\" \/>\n<script type=\"application\/ld+json\" class=\"yoast-schema-graph\">{\"@context\":\"https:\/\/schema.org\",\"@graph\":[{\"@type\":\"WebPage\",\"@id\":\"https:\/\/www.hotelparnu.com\/fi\/tiimimme\/\",\"url\":\"https:\/\/www.hotelparnu.com\/fi\/tiimimme\/\",\"name\":\"Tiimimme - P\u00e4rnu Hotell\",\"isPartOf\":{\"@id\":\"https:\/\/www.hotelparnu.com\/#website\"},\"datePublished\":\"2021-05-05T09:40:10+00:00\",\"dateModified\":\"2025-08-19T11:50:59+00:00\",\"description\":\"Ne, jotka huolehtivat siit\u00e4, ett\u00e4 huone on siisti, s\u00e4nky mukava, ruoka herkullista, sauna l\u00e4mmin ja ikkunasta avautuu n\u00e4kym\u00e4 unelmiin\",\"breadcrumb\":{\"@id\":\"https:\/\/www.hotelparnu.com\/fi\/tiimimme\/#breadcrumb\"},\"inLanguage\":\"fi\",\"potentialAction\":[{\"@type\":\"ReadAction\",\"target\":[\"https:\/\/www.hotelparnu.com\/fi\/tiimimme\/\"]}]},{\"@type\":\"BreadcrumbList\",\"@id\":\"https:\/\/www.hotelparnu.com\/fi\/tiimimme\/#breadcrumb\",\"itemListElement\":[{\"@type\":\"ListItem\",\"position\":1,\"name\":\"Home\",\"item\":\"https:\/\/www.hotelparnu.com\/fi\/\"},{\"@type\":\"ListItem\",\"position\":2,\"name\":\"Tiimimme\"}]},{\"@type\":\"WebSite\",\"@id\":\"https:\/\/www.hotelparnu.com\/#website\",\"url\":\"https:\/\/www.hotelparnu.com\/\",\"name\":\"P\u00e4rnu Hotell\",\"description\":\"\",\"potentialAction\":[{\"@type\":\"SearchAction\",\"target\":{\"@type\":\"EntryPoint\",\"urlTemplate\":\"https:\/\/www.hotelparnu.com\/?s={search_term_string}\"},\"query-input\":{\"@type\":\"PropertyValueSpecification\",\"valueRequired\":true,\"valueName\":\"search_term_string\"}}],\"inLanguage\":\"fi\"}]}<\/script>\n<!-- \/ Yoast SEO plugin. -->","yoast_head_json":{"title":"Tiimimme - P\u00e4rnu Hotell","description":"Ne, jotka huolehtivat siit\u00e4, ett\u00e4 huone on siisti, s\u00e4nky mukava, ruoka herkullista, sauna l\u00e4mmin ja ikkunasta avautuu n\u00e4kym\u00e4 unelmiin","robots":{"index":"index","follow":"follow","max-snippet":"max-snippet:-1","max-image-preview":"max-image-preview:large","max-video-preview":"max-video-preview:-1"},"canonical":"https:\/\/www.hotelparnu.com\/fi\/tiimimme\/","og_locale":"fi_FI","og_type":"article","og_title":"P\u00e4rnuP\u00e4rnu Hotelli I Tiimimme I Kontakt","og_description":"Ne, jotka huolehtivat siit\u00e4, ett\u00e4 huone on siisti, s\u00e4nky mukava, ruoka herkullista, sauna l\u00e4mmin ja ikkunasta avautuu n\u00e4kym\u00e4 unelmiin","og_url":"https:\/\/www.hotelparnu.com\/fi\/tiimimme\/","og_site_name":"P\u00e4rnu Hotell","article_modified_time":"2025-08-19T11:50:59+00:00","og_image":[{"width":1400,"height":1000,"url":"https:\/\/www.hotelparnu.com\/wp-content\/uploads\/2021\/05\/Simple-Plants-Photo-Background-Flower-VK-Post-2.jpg","type":"image\/jpeg"}],"twitter_card":"summary_large_image","twitter_misc":{"Arvioitu lukuaika":"1 minuutti"},"schema":{"@context":"https:\/\/schema.org","@graph":[{"@type":"WebPage","@id":"https:\/\/www.hotelparnu.com\/fi\/tiimimme\/","url":"https:\/\/www.hotelparnu.com\/fi\/tiimimme\/","name":"Tiimimme - P\u00e4rnu Hotell","isPartOf":{"@id":"https:\/\/www.hotelparnu.com\/#website"},"datePublished":"2021-05-05T09:40:10+00:00","dateModified":"2025-08-19T11:50:59+00:00","description":"Ne, jotka huolehtivat siit\u00e4, ett\u00e4 huone on siisti, s\u00e4nky mukava, ruoka herkullista, sauna l\u00e4mmin ja ikkunasta avautuu n\u00e4kym\u00e4 unelmiin","breadcrumb":{"@id":"https:\/\/www.hotelparnu.com\/fi\/tiimimme\/#breadcrumb"},"inLanguage":"fi","potentialAction":[{"@type":"ReadAction","target":["https:\/\/www.hotelparnu.com\/fi\/tiimimme\/"]}]},{"@type":"BreadcrumbList","@id":"https:\/\/www.hotelparnu.com\/fi\/tiimimme\/#breadcrumb","itemListElement":[{"@type":"ListItem","position":1,"name":"Home","item":"https:\/\/www.hotelparnu.com\/fi\/"},{"@type":"ListItem","position":2,"name":"Tiimimme"}]},{"@type":"WebSite","@id":"https:\/\/www.hotelparnu.com\/#website","url":"https:\/\/www.hotelparnu.com\/","name":"P\u00e4rnu Hotell","description":"","potentialAction":[{"@type":"SearchAction","target":{"@type":"EntryPoint","urlTemplate":"https:\/\/www.hotelparnu.com\/?s={search_term_string}"},"query-input":{"@type":"PropertyValueSpecification","valueRequired":true,"valueName":"search_term_string"}}],"inLanguage":"fi"}]}},"uagb_featured_image_src":{"full":false,"thumbnail":false,"medium":false,"medium_large":false,"large":false,"1536x1536":false,"2048x2048":false,"gform-image-choice-sm":false,"gform-image-choice-md":false,"gform-image-choice-lg":false,"hero-1900":false,"hero-1400":false,"hero-400":false,"subpage-image":false,"subpage-image-1400":false,"subpage-image-900":false,"gallery-image":false,"gallery-portrait":false,"popup-image":false},"uagb_author_info":{"display_name":"Nelli Zukova","author_link":"https:\/\/www.hotelparnu.com\/fi\/author\/nelly\/"},"uagb_comment_info":0,"uagb_excerpt":null,"_links":{"self":[{"href":"https:\/\/www.hotelparnu.com\/fi\/wp-json\/wp\/v2\/pages\/6896","targetHints":{"allow":["GET"]}}],"collection":[{"href":"https:\/\/www.hotelparnu.com\/fi\/wp-json\/wp\/v2\/pages"}],"about":[{"href":"https:\/\/www.hotelparnu.com\/fi\/wp-json\/wp\/v2\/types\/page"}],"author":[{"embeddable":true,"href":"https:\/\/www.hotelparnu.com\/fi\/wp-json\/wp\/v2\/users\/6"}],"replies":[{"embeddable":true,"href":"https:\/\/www.hotelparnu.com\/fi\/wp-json\/wp\/v2\/comments?post=6896"}],"version-history":[{"count":7,"href":"https:\/\/www.hotelparnu.com\/fi\/wp-json\/wp\/v2\/pages\/6896\/revisions"}],"predecessor-version":[{"id":9689,"href":"https:\/\/www.hotelparnu.com\/fi\/wp-json\/wp\/v2\/pages\/6896\/revisions\/9689"}],"wp:attachment":[{"href":"https:\/\/www.hotelparnu.com\/fi\/wp-json\/wp\/v2\/media?parent=6896"}],"curies":[{"name":"wp","href":"https:\/\/api.w.org\/{rel}","templated":true}]}}