{"id":6899,"date":"2019-06-28T13:25:49","date_gmt":"2019-06-28T10:25:49","guid":{"rendered":"https:\/\/www.hotelparnu.com\/koostoopartnerid\/"},"modified":"2026-01-09T12:28:02","modified_gmt":"2026-01-09T09:28:02","slug":"kumppaneita","status":"publish","type":"page","link":"https:\/\/www.hotelparnu.com\/fi\/kumppaneita\/","title":{"rendered":"Kumppaneita"},"content":{"rendered":"<p>P\u00e4rnu Muuseum on Baltikumi \u00fcks moodsamaid ajaloomuuseume, kus pakutakse p\u00f5nevaid giidituure ja t\u00f6\u00f6tubasid kogu perele.<\/p>\n<p>P\u00fcsin\u00e4itus \u201e11000 aastat ajalugu \u2013 Elamusi vanast ajast\u201c viib teid p\u00f5nevale ajar\u00e4nnule l\u00e4bi kiviaja, keskaegsete kaubateede, barokkaja kindluslinna kuni nostalgilise n\u00f5ukogude perioodini.<br \/>\nSaate tutvuda ka P\u00e4rnule iseloomuliku kuurordi arenguga.<\/p>\n<p>Lisaks p\u00fcsiv\u00e4ljapanekule on muuseumis\u00a0ajutiste n\u00e4ituste saal,\u00a0kus v\u00f5ib n\u00e4ha mitmekesiseid n\u00e4ituseid nii erinevatel teemadel.<br \/>\nMuuseumis asub kohaliku meenevalikuga muuseumipood.<\/p>\n","protected":false},"excerpt":{"rendered":"<p>P\u00e4rnu Muuseum on Baltikumi \u00fcks moodsamaid ajaloomuuseume, kus pakutakse p\u00f5nevaid giidituure ja t\u00f6\u00f6tubasid kogu perele. P\u00fcsin\u00e4itus \u201e11000 aastat ajalugu \u2013 Elamusi vanast ajast\u201c viib teid p\u00f5nevale ajar\u00e4nnule l\u00e4bi kiviaja, keskaegsete kaubateede, barokkaja kindluslinna kuni nostalgilise n\u00f5ukogude perioodini. Saate tutvuda ka P\u00e4rnule iseloomuliku kuurordi arenguga. Lisaks p\u00fcsiv\u00e4ljapanekule on muuseumis\u00a0ajutiste n\u00e4ituste saal,\u00a0kus v\u00f5ib n\u00e4ha mitmekesiseid n\u00e4ituseid nii [&hellip;]<\/p>\n","protected":false},"author":2,"featured_media":0,"parent":0,"menu_order":0,"comment_status":"closed","ping_status":"closed","template":"","meta":{"_acf_changed":false,"_uag_custom_page_level_css":"","footnotes":""},"class_list":["post-6899","page","type-page","status-publish","hentry"],"acf":[],"yoast_head":"<!-- This site is optimized with the Yoast SEO plugin v25.9 - https:\/\/yoast.com\/wordpress\/plugins\/seo\/ -->\n<title>Kumppaneita - P\u00e4rnu Hotell<\/title>\n<meta name=\"description\" content=\"Tarjoamme asiakkaillemme vain parasta! Yhteisty\u00f6ss\u00e4 niiden kanssa, joista olemme varmoja, joiden kanssa tapaamme yhteisi\u00e4 tavoitteita, jotka rakastavat P\u00e4rnua\" \/>\n<meta name=\"robots\" content=\"index, follow, max-snippet:-1, max-image-preview:large, max-video-preview:-1\" \/>\n<link rel=\"canonical\" href=\"https:\/\/www.hotelparnu.com\/fi\/kumppaneita\/\" \/>\n<meta property=\"og:locale\" content=\"fi_FI\" \/>\n<meta property=\"og:type\" content=\"article\" \/>\n<meta property=\"og:title\" content=\"P\u00e4rnu Hotelli I Kumppaneita\" \/>\n<meta property=\"og:description\" content=\"Tarjoamme asiakkaillemme vain parasta! Yhteisty\u00f6ss\u00e4 niiden kanssa, joista olemme varmoja, joiden kanssa tapaamme yhteisi\u00e4 tavoitteita, jotka rakastavat P\u00e4rnua\" \/>\n<meta property=\"og:url\" content=\"https:\/\/www.hotelparnu.com\/fi\/kumppaneita\/\" \/>\n<meta property=\"og:site_name\" content=\"P\u00e4rnu Hotell\" \/>\n<meta property=\"article:modified_time\" content=\"2026-01-09T09:28:02+00:00\" \/>\n<meta property=\"og:image\" content=\"https:\/\/www.hotelparnu.com\/wp-content\/uploads\/2025\/01\/Hotell_koduleht.jpg\" \/>\n\t<meta property=\"og:image:width\" content=\"1920\" \/>\n\t<meta property=\"og:image:height\" content=\"1080\" \/>\n\t<meta property=\"og:image:type\" content=\"image\/jpeg\" \/>\n<meta name=\"twitter:card\" content=\"summary_large_image\" \/>\n<meta name=\"twitter:label1\" content=\"Arvioitu lukuaika\" \/>\n\t<meta name=\"twitter:data1\" content=\"5 minuuttia\" \/>\n<script type=\"application\/ld+json\" class=\"yoast-schema-graph\">{\"@context\":\"https:\/\/schema.org\",\"@graph\":[{\"@type\":\"WebPage\",\"@id\":\"https:\/\/www.hotelparnu.com\/fi\/kumppaneita\/\",\"url\":\"https:\/\/www.hotelparnu.com\/fi\/kumppaneita\/\",\"name\":\"Kumppaneita - P\u00e4rnu Hotell\",\"isPartOf\":{\"@id\":\"https:\/\/www.hotelparnu.com\/#website\"},\"datePublished\":\"2019-06-28T10:25:49+00:00\",\"dateModified\":\"2026-01-09T09:28:02+00:00\",\"description\":\"Tarjoamme asiakkaillemme vain parasta! Yhteisty\u00f6ss\u00e4 niiden kanssa, joista olemme varmoja, joiden kanssa tapaamme yhteisi\u00e4 tavoitteita, jotka rakastavat P\u00e4rnua\",\"breadcrumb\":{\"@id\":\"https:\/\/www.hotelparnu.com\/fi\/kumppaneita\/#breadcrumb\"},\"inLanguage\":\"fi\",\"potentialAction\":[{\"@type\":\"ReadAction\",\"target\":[\"https:\/\/www.hotelparnu.com\/fi\/kumppaneita\/\"]}]},{\"@type\":\"BreadcrumbList\",\"@id\":\"https:\/\/www.hotelparnu.com\/fi\/kumppaneita\/#breadcrumb\",\"itemListElement\":[{\"@type\":\"ListItem\",\"position\":1,\"name\":\"Home\",\"item\":\"https:\/\/www.hotelparnu.com\/fi\/\"},{\"@type\":\"ListItem\",\"position\":2,\"name\":\"Kumppaneita\"}]},{\"@type\":\"WebSite\",\"@id\":\"https:\/\/www.hotelparnu.com\/#website\",\"url\":\"https:\/\/www.hotelparnu.com\/\",\"name\":\"P\u00e4rnu Hotell\",\"description\":\"\",\"potentialAction\":[{\"@type\":\"SearchAction\",\"target\":{\"@type\":\"EntryPoint\",\"urlTemplate\":\"https:\/\/www.hotelparnu.com\/?s={search_term_string}\"},\"query-input\":{\"@type\":\"PropertyValueSpecification\",\"valueRequired\":true,\"valueName\":\"search_term_string\"}}],\"inLanguage\":\"fi\"}]}<\/script>\n<!-- \/ Yoast SEO plugin. -->","yoast_head_json":{"title":"Kumppaneita - P\u00e4rnu Hotell","description":"Tarjoamme asiakkaillemme vain parasta! Yhteisty\u00f6ss\u00e4 niiden kanssa, joista olemme varmoja, joiden kanssa tapaamme yhteisi\u00e4 tavoitteita, jotka rakastavat P\u00e4rnua","robots":{"index":"index","follow":"follow","max-snippet":"max-snippet:-1","max-image-preview":"max-image-preview:large","max-video-preview":"max-video-preview:-1"},"canonical":"https:\/\/www.hotelparnu.com\/fi\/kumppaneita\/","og_locale":"fi_FI","og_type":"article","og_title":"P\u00e4rnu Hotelli I Kumppaneita","og_description":"Tarjoamme asiakkaillemme vain parasta! Yhteisty\u00f6ss\u00e4 niiden kanssa, joista olemme varmoja, joiden kanssa tapaamme yhteisi\u00e4 tavoitteita, jotka rakastavat P\u00e4rnua","og_url":"https:\/\/www.hotelparnu.com\/fi\/kumppaneita\/","og_site_name":"P\u00e4rnu Hotell","article_modified_time":"2026-01-09T09:28:02+00:00","og_image":[{"width":1920,"height":1080,"url":"https:\/\/www.hotelparnu.com\/wp-content\/uploads\/2025\/01\/Hotell_koduleht.jpg","type":"image\/jpeg"}],"twitter_card":"summary_large_image","twitter_misc":{"Arvioitu lukuaika":"5 minuuttia"},"schema":{"@context":"https:\/\/schema.org","@graph":[{"@type":"WebPage","@id":"https:\/\/www.hotelparnu.com\/fi\/kumppaneita\/","url":"https:\/\/www.hotelparnu.com\/fi\/kumppaneita\/","name":"Kumppaneita - P\u00e4rnu Hotell","isPartOf":{"@id":"https:\/\/www.hotelparnu.com\/#website"},"datePublished":"2019-06-28T10:25:49+00:00","dateModified":"2026-01-09T09:28:02+00:00","description":"Tarjoamme asiakkaillemme vain parasta! Yhteisty\u00f6ss\u00e4 niiden kanssa, joista olemme varmoja, joiden kanssa tapaamme yhteisi\u00e4 tavoitteita, jotka rakastavat P\u00e4rnua","breadcrumb":{"@id":"https:\/\/www.hotelparnu.com\/fi\/kumppaneita\/#breadcrumb"},"inLanguage":"fi","potentialAction":[{"@type":"ReadAction","target":["https:\/\/www.hotelparnu.com\/fi\/kumppaneita\/"]}]},{"@type":"BreadcrumbList","@id":"https:\/\/www.hotelparnu.com\/fi\/kumppaneita\/#breadcrumb","itemListElement":[{"@type":"ListItem","position":1,"name":"Home","item":"https:\/\/www.hotelparnu.com\/fi\/"},{"@type":"ListItem","position":2,"name":"Kumppaneita"}]},{"@type":"WebSite","@id":"https:\/\/www.hotelparnu.com\/#website","url":"https:\/\/www.hotelparnu.com\/","name":"P\u00e4rnu Hotell","description":"","potentialAction":[{"@type":"SearchAction","target":{"@type":"EntryPoint","urlTemplate":"https:\/\/www.hotelparnu.com\/?s={search_term_string}"},"query-input":{"@type":"PropertyValueSpecification","valueRequired":true,"valueName":"search_term_string"}}],"inLanguage":"fi"}]}},"uagb_featured_image_src":{"full":false,"thumbnail":false,"medium":false,"medium_large":false,"large":false,"1536x1536":false,"2048x2048":false,"gform-image-choice-sm":false,"gform-image-choice-md":false,"gform-image-choice-lg":false,"hero-1900":false,"hero-1400":false,"hero-400":false,"subpage-image":false,"subpage-image-1400":false,"subpage-image-900":false,"gallery-image":false,"gallery-portrait":false,"popup-image":false},"uagb_author_info":{"display_name":"Aleksandra","author_link":"https:\/\/www.hotelparnu.com\/fi\/author\/aleksandra\/"},"uagb_comment_info":0,"uagb_excerpt":"P\u00e4rnu Muuseum on Baltikumi \u00fcks moodsamaid ajaloomuuseume, kus pakutakse p\u00f5nevaid giidituure ja t\u00f6\u00f6tubasid kogu perele. P\u00fcsin\u00e4itus \u201e11000 aastat ajalugu \u2013 Elamusi vanast ajast\u201c viib teid p\u00f5nevale ajar\u00e4nnule l\u00e4bi kiviaja, keskaegsete kaubateede, barokkaja kindluslinna kuni nostalgilise n\u00f5ukogude perioodini. Saate tutvuda ka P\u00e4rnule iseloomuliku kuurordi arenguga. Lisaks p\u00fcsiv\u00e4ljapanekule on muuseumis\u00a0ajutiste n\u00e4ituste saal,\u00a0kus v\u00f5ib n\u00e4ha mitmekesiseid n\u00e4ituseid nii&hellip;","_links":{"self":[{"href":"https:\/\/www.hotelparnu.com\/fi\/wp-json\/wp\/v2\/pages\/6899","targetHints":{"allow":["GET"]}}],"collection":[{"href":"https:\/\/www.hotelparnu.com\/fi\/wp-json\/wp\/v2\/pages"}],"about":[{"href":"https:\/\/www.hotelparnu.com\/fi\/wp-json\/wp\/v2\/types\/page"}],"author":[{"embeddable":true,"href":"https:\/\/www.hotelparnu.com\/fi\/wp-json\/wp\/v2\/users\/2"}],"replies":[{"embeddable":true,"href":"https:\/\/www.hotelparnu.com\/fi\/wp-json\/wp\/v2\/comments?post=6899"}],"version-history":[{"count":8,"href":"https:\/\/www.hotelparnu.com\/fi\/wp-json\/wp\/v2\/pages\/6899\/revisions"}],"predecessor-version":[{"id":9784,"href":"https:\/\/www.hotelparnu.com\/fi\/wp-json\/wp\/v2\/pages\/6899\/revisions\/9784"}],"wp:attachment":[{"href":"https:\/\/www.hotelparnu.com\/fi\/wp-json\/wp\/v2\/media?parent=6899"}],"curies":[{"name":"wp","href":"https:\/\/api.w.org\/{rel}","templated":true}]}}